{"id":6532,"date":"2023-01-26T13:23:53","date_gmt":"2023-01-26T11:23:53","guid":{"rendered":"https:\/\/basicfactory.es\/manresa\/?page_id=6532"},"modified":"2023-01-26T13:23:53","modified_gmt":"2023-01-26T11:23:53","slug":"qui-som","status":"publish","type":"page","link":"https:\/\/basicfactory.es\/manresa\/qui-som\/","title":{"rendered":"QUI SOM?"},"content":{"rendered":"<p>&nbsp;<\/p>\n<p>&nbsp;<\/p>\n<p>&nbsp;<\/p>\n<p>&nbsp;<\/p>\n<p><img loading=\"lazy\" decoding=\"async\" class=\"size-medium wp-image-5671 aligncenter\" src=\"https:\/\/basicfactory.es\/manresa\/wp-content\/uploads\/2019\/05\/logo-600x187.jpg\" alt=\"\" width=\"600\" height=\"187\" srcset=\"https:\/\/basicfactory.es\/manresa\/wp-content\/uploads\/2019\/05\/logo-600x187.jpg 600w, https:\/\/basicfactory.es\/manresa\/wp-content\/uploads\/2019\/05\/logo.jpg 690w\" sizes=\"auto, (max-width: 600px) 100vw, 600px\" \/><\/p>\n<p>&nbsp;<\/p>\n<p>Basic Factory \u00e9s un grup gestor d\u2019instal\u00b7lacions esportives amb m\u00e9s de 25 anys d\u2019experi\u00e8ncia en gesti\u00f3 d\u2019instal\u00b7lacions esportives, tant municipals com privades, amb centres a Catalunya com Basic Factory Sabadell, Basic Factory Terrassa, Basic Factory Manresa, fitness Factory Club (Matar\u00f3).<\/p>\n<p>Neix la iniciativa de crear una l\u00ednia low cost. Basic Factory neix amb l\u2019objectiu d\u2019impulsar i promoure l\u2019esport per a tothom. Una l\u00ednia LOW COST no ha de ser l\u2019equivalent a poc servei i de mala qualitat. Amb una bona gesti\u00f3 i optimitzaci\u00f3 dels recursos, sense deixar de banda la professionalitat i la dedicaci\u00f3 dels nostres treballadors, els valors de l\u2019esport i el comprom\u00eds social, podem oferir un molt bon servei que estigui a l\u2019abast de tothom.<\/p>\n","protected":false},"excerpt":{"rendered":"<p>&nbsp; &nbsp; &nbsp; &nbsp; &nbsp; Basic Factory \u00e9s un grup gestor d\u2019instal\u00b7lacions esportives amb m\u00e9s de 25 anys d\u2019experi\u00e8ncia en gesti\u00f3 d\u2019instal\u00b7lacions esportives, tant municipals com privades, amb centres a Catalunya com Basic Factory Sabadell, Basic Factory Terrassa, Basic Factory Manresa, fitness Factory Club (Matar\u00f3). Neix la iniciativa de crear una l\u00ednia low cost. Basic [&hellip;]<\/p>\n","protected":false},"author":2,"featured_media":0,"parent":0,"menu_order":15,"comment_status":"closed","ping_status":"closed","template":"","meta":{"footnotes":""},"class_list":["post-6532","page","type-page","status-publish","hentry"],"_links":{"self":[{"href":"https:\/\/basicfactory.es\/manresa\/wp-json\/wp\/v2\/pages\/6532","targetHints":{"allow":["GET"]}}],"collection":[{"href":"https:\/\/basicfactory.es\/manresa\/wp-json\/wp\/v2\/pages"}],"about":[{"href":"https:\/\/basicfactory.es\/manresa\/wp-json\/wp\/v2\/types\/page"}],"author":[{"embeddable":true,"href":"https:\/\/basicfactory.es\/manresa\/wp-json\/wp\/v2\/users\/2"}],"replies":[{"embeddable":true,"href":"https:\/\/basicfactory.es\/manresa\/wp-json\/wp\/v2\/comments?post=6532"}],"version-history":[{"count":1,"href":"https:\/\/basicfactory.es\/manresa\/wp-json\/wp\/v2\/pages\/6532\/revisions"}],"predecessor-version":[{"id":6534,"href":"https:\/\/basicfactory.es\/manresa\/wp-json\/wp\/v2\/pages\/6532\/revisions\/6534"}],"wp:attachment":[{"href":"https:\/\/basicfactory.es\/manresa\/wp-json\/wp\/v2\/media?parent=6532"}],"curies":[{"name":"wp","href":"https:\/\/api.w.org\/{rel}","templated":true}]}}