{"id":172,"date":"2023-03-13T23:37:16","date_gmt":"2023-03-13T22:37:16","guid":{"rendered":"http:\/\/basicfactory.es\/padel\/?page_id=172"},"modified":"2023-05-25T14:40:08","modified_gmt":"2023-05-25T12:40:08","slug":"serveis","status":"publish","type":"page","link":"https:\/\/basicfactory.es\/padel\/serveis\/","title":{"rendered":"SERVEIS"},"content":{"rendered":"<div class=\"wpb-content-wrapper\"><p>[vc_row full_width=&#8221;stretch_row_content_no_spaces&#8221;][vc_column][vc_single_image image=&#8221;212&#8243; img_size=&#8221;full&#8221;][\/vc_column][\/vc_row][vc_row][vc_column width=&#8221;1\/2&#8243;] <div class=\"sc85_heading wpb_content_element regular center\"> <h2 class=\"title\">LA BRASERIA<\/h2> <div class=\"subtitle\">Gaudeix de la nostra brasa.<\/p> <p>A la web podr\u00e0s trobar: el men\u00fa setmanal i la carta<\/p> <p>http:\/\/www.labraseria.cat\/<\/div> <\/div> [\/vc_column][vc_column width=&#8221;1\/2&#8243;][vc_single_image image=&#8221;177&#8243; img_size=&#8221;full&#8221; alignment=&#8221;center&#8221; onclick=&#8221;custom_link&#8221; img_link_target=&#8221;_blank&#8221; link=&#8221;http:\/\/www.labraseria.cat&#8221;][\/vc_column][\/vc_row][vc_row][vc_column width=&#8221;1\/2&#8243;] <div class=\"sc85_heading wpb_content_element regular center\"> <h2 class=\"title\">DOBLE PARED<\/h2> <div class=\"subtitle\">Tenim a la teva disposici\u00f3 la botiga per poder comprar diferents productes de p\u00e0del, descomptes i molt m\u00e9s!!<\/p> <p>Demana a recepci\u00f3 qualsevol dupte que tinguis<\/div> <\/div> [\/vc_column][vc_column width=&#8221;1\/2&#8243;][vc_single_image image=&#8221;176&#8243; img_size=&#8221;full&#8221; alignment=&#8221;center&#8221;][\/vc_column][\/vc_row][vc_row][vc_column width=&#8221;1\/2&#8243;] <div class=\"sc85_heading wpb_content_element regular center\"> <h2 class=\"title\">OSTEOPATIA<\/h2> <div class=\"subtitle\">Vols comen\u00e7ar la setmana de la millor manera?<br \/> Demana la teva hora!<br \/> Tots els dimecres i dijous (hores concertades)<\/p> <p>Demana m\u00e9s info a la recepci\u00f3 del gym<\/div> <\/div> [\/vc_column][vc_column width=&#8221;1\/2&#8243;][vc_single_image image=&#8221;233&#8243; img_size=&#8221;full&#8221; alignment=&#8221;center&#8221;][\/vc_column][\/vc_row]<\/p>\n<\/div>","protected":false},"excerpt":{"rendered":"<p>[vc_row full_width=&#8221;stretch_row_content_no_spaces&#8221;][vc_column][vc_single_image image=&#8221;212&#8243; img_size=&#8221;full&#8221;][\/vc_column][\/vc_row][vc_row][vc_column width=&#8221;1\/2&#8243;][\/vc_column][vc_column width=&#8221;1\/2&#8243;][vc_single_image image=&#8221;177&#8243; img_size=&#8221;full&#8221; alignment=&#8221;center&#8221; onclick=&#8221;custom_link&#8221; img_link_target=&#8221;_blank&#8221; link=&#8221;http:\/\/www.labraseria.cat&#8221;][\/vc_column][\/vc_row][vc_row][vc_column width=&#8221;1\/2&#8243;][\/vc_column][vc_column width=&#8221;1\/2&#8243;][vc_single_image image=&#8221;176&#8243; img_size=&#8221;full&#8221; alignment=&#8221;center&#8221;][\/vc_column][\/vc_row][vc_row][vc_column width=&#8221;1\/2&#8243;][\/vc_column][vc_column width=&#8221;1\/2&#8243;][vc_single_image image=&#8221;233&#8243; img_size=&#8221;full&#8221; alignment=&#8221;center&#8221;][\/vc_column][\/vc_row]<\/p>\n","protected":false},"author":1,"featured_media":0,"parent":0,"menu_order":10,"comment_status":"closed","ping_status":"closed","template":"","meta":{"footnotes":""},"class_list":["post-172","page","type-page","status-publish","hentry"],"_links":{"self":[{"href":"https:\/\/basicfactory.es\/padel\/wp-json\/wp\/v2\/pages\/172","targetHints":{"allow":["GET"]}}],"collection":[{"href":"https:\/\/basicfactory.es\/padel\/wp-json\/wp\/v2\/pages"}],"about":[{"href":"https:\/\/basicfactory.es\/padel\/wp-json\/wp\/v2\/types\/page"}],"author":[{"embeddable":true,"href":"https:\/\/basicfactory.es\/padel\/wp-json\/wp\/v2\/users\/1"}],"replies":[{"embeddable":true,"href":"https:\/\/basicfactory.es\/padel\/wp-json\/wp\/v2\/comments?post=172"}],"version-history":[{"count":23,"href":"https:\/\/basicfactory.es\/padel\/wp-json\/wp\/v2\/pages\/172\/revisions"}],"predecessor-version":[{"id":266,"href":"https:\/\/basicfactory.es\/padel\/wp-json\/wp\/v2\/pages\/172\/revisions\/266"}],"wp:attachment":[{"href":"https:\/\/basicfactory.es\/padel\/wp-json\/wp\/v2\/media?parent=172"}],"curies":[{"name":"wp","href":"https:\/\/api.w.org\/{rel}","templated":true}]}}