{"id":22,"date":"2022-07-17T01:19:32","date_gmt":"2022-07-16T23:19:32","guid":{"rendered":"http:\/\/basicfactory.es\/padel\/politica-de-cookies-eu\/"},"modified":"2022-07-17T01:19:32","modified_gmt":"2022-07-16T23:19:32","slug":"politica-de-cookies-eu","status":"publish","type":"page","link":"https:\/\/basicfactory.es\/padel\/politica-de-cookies-eu\/","title":{"rendered":"Pol\u00edtica de cookies (EU)"},"content":{"rendered":"La regi\u00f3 EU no est\u00e0 activada per a cookie-statement.","protected":false},"excerpt":{"rendered":"","protected":false},"author":1,"featured_media":0,"parent":0,"menu_order":0,"comment_status":"closed","ping_status":"closed","template":"","meta":{"footnotes":""},"class_list":["post-22","page","type-page","status-publish","hentry"],"_links":{"self":[{"href":"https:\/\/basicfactory.es\/padel\/wp-json\/wp\/v2\/pages\/22","targetHints":{"allow":["GET"]}}],"collection":[{"href":"https:\/\/basicfactory.es\/padel\/wp-json\/wp\/v2\/pages"}],"about":[{"href":"https:\/\/basicfactory.es\/padel\/wp-json\/wp\/v2\/types\/page"}],"author":[{"embeddable":true,"href":"https:\/\/basicfactory.es\/padel\/wp-json\/wp\/v2\/users\/1"}],"replies":[{"embeddable":true,"href":"https:\/\/basicfactory.es\/padel\/wp-json\/wp\/v2\/comments?post=22"}],"version-history":[{"count":0,"href":"https:\/\/basicfactory.es\/padel\/wp-json\/wp\/v2\/pages\/22\/revisions"}],"wp:attachment":[{"href":"https:\/\/basicfactory.es\/padel\/wp-json\/wp\/v2\/media?parent=22"}],"curies":[{"name":"wp","href":"https:\/\/api.w.org\/{rel}","templated":true}]}}