{"id":51,"date":"2023-03-14T00:17:32","date_gmt":"2023-03-13T23:17:32","guid":{"rendered":"http:\/\/basicfactory.es\/padel\/?page_id=51"},"modified":"2023-05-17T11:54:25","modified_gmt":"2023-05-17T09:54:25","slug":"americanes","status":"publish","type":"page","link":"https:\/\/basicfactory.es\/padel\/americanes\/","title":{"rendered":"AMERICANES"},"content":{"rendered":"<div class=\"wpb-content-wrapper\"><p>[vc_row full_width=&#8221;stretch_row_content_no_spaces&#8221;][vc_column][vc_single_image image=&#8221;206&#8243; img_size=&#8221;full&#8221;][\/vc_column][\/vc_row][vc_row][vc_column width=&#8221;1\/2&#8243;]<div class=\"sc85_call_to_action wpb_content_element center_aligned\"><div class=\"head section\"><h1 class=\"title\">AMERICANES<\/h1><\/div><\/div>[vc_column_text]<\/p>\n<h3>QU\u00c8 \u00c9S UNA AMERICANA DE P\u00c0DEL?<\/h3>\n<p>Una americana de p\u00e0del \u00e9s un torneig de diversos partits canviant de pista i de companys on ens creuarem amb tots els participants en un circuit amb puntuaci\u00f3. Se sol entrar individualment per ampliar el nostre grup de coneguts i tenir m\u00e9s gent per perfeccionar el nostre p\u00e0del. Tamb\u00e9 es fan tornejos amb parella fixa per tal de millorar la coordinaci\u00f3 d&#8217;equip.<\/p>\n<h3>COM S&#8217;ORGANITZA UNA AMERICANA DE P\u00c0DEL?<\/h3>\n<p>Es creen 8 parelles mitjan\u00e7ant sorteig, \u00e9s a dir, es posen 16 tiquets amb els n\u00fameros de l&#8217;1 al 8 dues vegades. Les persones que treguin el paper amb el mateix n\u00famero seran parella. Els 1 amb els 1 i els 2 amb els 2, aix\u00ed successivament fins a completar les 4 pistes.<\/p>\n<p>Els jugadors amb els n\u00fameros de l&#8217;1 al 4 ocupen la primera pista jugant de parella l&#8217;1 amb el 2 i s&#8217;enfrontaran a la parella amb el 3 i el 4. Els jugadors del 5-8 la segona pista i es formaran les parelles 5 amb 6 i 7 amb 8.<\/p>\n<p>En el cas de ser 2 pistes, nom\u00e9s es faran servir els tiquets de l&#8217;1 al 8. ia la primera pista jugaran els jugadors de l&#8217;1 al 4 ia la segona del 5 al 8.<\/p>\n<p>D&#8217;aquesta manera, es jugar\u00e0 amb la resta de pales i es competir\u00e0 contra tots.<\/p>\n<p>S&#8217;assignen les puntuacions fins a aconseguir un vencedor:<\/p>\n<p>2 \u2013 punts per vict\u00f2ria<\/p>\n<p>1 \u2013 punt per empat<\/p>\n<p>0 \u2013 punts derrota<\/p>\n<p>En cas d&#8217;empat els resultats es mesuren per sets en r\u00e0tio Vict\u00f2ries\/Derrotes.<\/p>\n<p>D&#8217;aquesta manera tots juguem amb tots i creem i ampliem el nostre grup d&#8217;amistats pel p\u00e0del.<\/p>\n<p>A mesura que van passant les rondes, el m\u00e9s normal \u00e9s que acabis jugant amb gent del teu nivell i els partits siguin cada vegada m\u00e9s igualats i, per tant, molt m\u00e9s competitius i divertits.<\/p>\n<p>Si jugues amb parella fixa, pots con\u00e8ixer-te millor i aprendre a millorar a cada partit.<\/p>\n<p>El torneig de parelles \u00e9s el m\u00e9s popular entre els aficionats al p\u00e0del. En aquests casos, el torneig pot durar fins a un mes, depenent del nombre de parelles inscrites i de les regles del torneig. Se solen realitzar setmanalment als clubs per aix\u00ed donar assidu\u00eftat als socis i crear lligues internes. Les parelles s\u00f3n sempre les mateixes persones, cosa que significa que no hi ha canvis ni substitucions.<\/p>\n<p>&nbsp;<\/p>\n<p>Hi ha diferents <strong>tipus d&#8217;americana<\/strong>, on la m\u00e9s tradicional \u00e9s la puja\/baixa on el guanyador puja de pista i el perdedor baixa permetent,\u00a0aix\u00ed\u00a0es juga per nivells i equilibrar el m\u00e0xim els partits.[\/vc_column_text][vc_empty_space][\/vc_column][vc_column width=&#8221;1\/2&#8243;][vc_row_inner][vc_column_inner]<div class=\"sc85_call_to_action wpb_content_element center_aligned\"><div class=\"head section\"><h1 class=\"title\">APUNTAT ALS GRUP DE WHATSAPP DE L'HORARI QUE MES ET CONVINGUI<\/h1><\/div><\/div><div class=\"sc85_button large inline\"><a href=\"https:\/\/chat.whatsapp.com\/C5mM58fLtXX7vcdm0Urjsc\" target=\"_blank\" class=\"button\"><i style=\"margin-right:5px\" class=\"fas fa-coffee\"><\/i>MATI<\/a><\/div><div class=\"sc85_button large inline\"><a href=\"https:\/\/chat.whatsapp.com\/G6s0LwsuSZo9vMIk8HoY6H\" target=\"_blank\" class=\"button\"><i style=\"margin-right:5px\" class=\"fas fa-moon\"><\/i>TARDA<\/a><\/div>[\/vc_column_inner][\/vc_row_inner][vc_single_image image=&#8221;183&#8243; alignment=&#8221;center&#8221;][vc_single_image image=&#8221;184&#8243; alignment=&#8221;center&#8221;][vc_single_image image=&#8221;185&#8243; alignment=&#8221;center&#8221;][\/vc_column][\/vc_row][vc_row][vc_column width=&#8221;1\/2&#8243;][vc_single_image image=&#8221;367&#8243; img_size=&#8221;large&#8221; alignment=&#8221;center&#8221;][\/vc_column][vc_column width=&#8221;1\/2&#8243;][vc_single_image image=&#8221;372&#8243; img_size=&#8221;large&#8221;][\/vc_column][\/vc_row]<\/p>\n<\/div>","protected":false},"excerpt":{"rendered":"<p>[vc_row full_width=&#8221;stretch_row_content_no_spaces&#8221;][vc_column][vc_single_image image=&#8221;206&#8243; img_size=&#8221;full&#8221;][\/vc_column][\/vc_row][vc_row][vc_column width=&#8221;1\/2&#8243;][vc_column_text] QU\u00c8 \u00c9S UNA AMERICANA DE P\u00c0DEL? Una americana de p\u00e0del \u00e9s un torneig de diversos partits canviant de pista i de companys on ens creuarem amb tots els participants en un circuit amb puntuaci\u00f3. Se sol entrar individualment per ampliar el nostre grup de coneguts i tenir m\u00e9s gent per [&hellip;]<\/p>\n","protected":false},"author":1,"featured_media":0,"parent":0,"menu_order":2,"comment_status":"closed","ping_status":"closed","template":"","meta":{"footnotes":""},"class_list":["post-51","page","type-page","status-publish","hentry"],"_links":{"self":[{"href":"https:\/\/basicfactory.es\/padel\/wp-json\/wp\/v2\/pages\/51","targetHints":{"allow":["GET"]}}],"collection":[{"href":"https:\/\/basicfactory.es\/padel\/wp-json\/wp\/v2\/pages"}],"about":[{"href":"https:\/\/basicfactory.es\/padel\/wp-json\/wp\/v2\/types\/page"}],"author":[{"embeddable":true,"href":"https:\/\/basicfactory.es\/padel\/wp-json\/wp\/v2\/users\/1"}],"replies":[{"embeddable":true,"href":"https:\/\/basicfactory.es\/padel\/wp-json\/wp\/v2\/comments?post=51"}],"version-history":[{"count":27,"href":"https:\/\/basicfactory.es\/padel\/wp-json\/wp\/v2\/pages\/51\/revisions"}],"predecessor-version":[{"id":368,"href":"https:\/\/basicfactory.es\/padel\/wp-json\/wp\/v2\/pages\/51\/revisions\/368"}],"wp:attachment":[{"href":"https:\/\/basicfactory.es\/padel\/wp-json\/wp\/v2\/media?parent=51"}],"curies":[{"name":"wp","href":"https:\/\/api.w.org\/{rel}","templated":true}]}}