{"id":3338,"date":"2022-07-14T07:42:35","date_gmt":"2022-07-14T07:42:35","guid":{"rendered":"https:\/\/basicfactory.es\/sabadell\/politica-de-cookies-eu\/"},"modified":"2022-07-14T07:42:35","modified_gmt":"2022-07-14T07:42:35","slug":"politica-de-cookies-eu","status":"publish","type":"page","link":"https:\/\/basicfactory.es\/sabadell\/politica-de-cookies-eu\/","title":{"rendered":"Pol\u00edtica de cookies (EU)"},"content":{"rendered":"La regi\u00f3 EU no est\u00e0 activada per a cookie-statement.","protected":false},"excerpt":{"rendered":"","protected":false},"author":4,"featured_media":0,"parent":0,"menu_order":0,"comment_status":"closed","ping_status":"closed","template":"","meta":{"footnotes":""},"class_list":["post-3338","page","type-page","status-publish","hentry"],"aioseo_notices":[],"_links":{"self":[{"href":"https:\/\/basicfactory.es\/sabadell\/wp-json\/wp\/v2\/pages\/3338","targetHints":{"allow":["GET"]}}],"collection":[{"href":"https:\/\/basicfactory.es\/sabadell\/wp-json\/wp\/v2\/pages"}],"about":[{"href":"https:\/\/basicfactory.es\/sabadell\/wp-json\/wp\/v2\/types\/page"}],"author":[{"embeddable":true,"href":"https:\/\/basicfactory.es\/sabadell\/wp-json\/wp\/v2\/users\/4"}],"replies":[{"embeddable":true,"href":"https:\/\/basicfactory.es\/sabadell\/wp-json\/wp\/v2\/comments?post=3338"}],"version-history":[{"count":0,"href":"https:\/\/basicfactory.es\/sabadell\/wp-json\/wp\/v2\/pages\/3338\/revisions"}],"wp:attachment":[{"href":"https:\/\/basicfactory.es\/sabadell\/wp-json\/wp\/v2\/media?parent=3338"}],"curies":[{"name":"wp","href":"https:\/\/api.w.org\/{rel}","templated":true}]}}