{"id":438,"date":"2014-05-19T18:47:20","date_gmt":"2014-05-19T18:47:20","guid":{"rendered":"http:\/\/basicfactory.es\/sabadell\/?page_id=438"},"modified":"2026-02-23T09:48:37","modified_gmt":"2026-02-23T09:48:37","slug":"activitats","status":"publish","type":"page","link":"https:\/\/basicfactory.es\/sabadell\/activitats\/","title":{"rendered":"ACTIVITATS"},"content":{"rendered":"<p>[vc_row][vc_column]<div id=\"wpt_classes_teasers_69eb54c9cbbf6\" class=\"wpt_classes_teasers_shortcode wpb_content_element wpt_teasers wpt_grid_fitrows wpt_condensed w_3cols\" data-item_selector=\".entry\"><div class=\"entry\"><div class=\"wrapper\"><div class=\"thumbnail\"><a href=\"https:\/\/basicfactory.es\/sabadell\/class\/pilates\/\"><img decoding=\"async\" src=\"https:\/\/basicfactory.es\/sabadell\/wp-content\/uploads\/2023\/03\/pilates-1-408x360-408x315.jpg\" alt=\"PILATES\" \/><\/a><\/div><div class=\"details\"><div class=\"head_area\"><h3 class=\"title\"><a href=\"https:\/\/basicfactory.es\/sabadell\/class\/pilates\/\">PILATES<\/a><\/h3><div class=\"subtitle\">Rehabilitaci\u00f3<\/div><\/div><div class=\"body_area\"><div class=\"wrapper\"><div class=\"excerpt\">El Pilates \u00e9s una activitat en grup enfocada al treball conscient integral del cos. <\/div><div class=\"extra_info\"><span class=\"duration\">45 mins<\/span><span class=\"calories\">100 Kcal<\/span><\/div><a class=\"more button\" href=\"https:\/\/basicfactory.es\/sabadell\/class\/pilates\/\">Llegir m\u00e9s<\/a><\/div><\/div><\/div><\/div><\/div><div class=\"entry\"><div class=\"wrapper\"><div class=\"thumbnail\"><a href=\"https:\/\/basicfactory.es\/sabadell\/class\/body-pump\/\"><img decoding=\"async\" src=\"https:\/\/basicfactory.es\/sabadell\/wp-content\/uploads\/2023\/03\/body-pump-540x360-500x315.jpg\" alt=\"BODY-PUMP\" \/><\/a><\/div><div class=\"details\"><div class=\"head_area\"><h3 class=\"title\"><a href=\"https:\/\/basicfactory.es\/sabadell\/class\/body-pump\/\">BODY-PUMP<\/a><\/h3><div class=\"subtitle\">Guany de m\u00fascul<\/div><\/div><div class=\"body_area\"><div class=\"wrapper\"><div class=\"excerpt\">Body Pump \u00e9s la manera m\u00e9s r\u00e0pida de posar-se en forma i perdre greix corporal.<\/div><div class=\"extra_info\"><span class=\"duration\">55 mins<\/span><span class=\"calories\">500 Kcal<\/span><\/div><a class=\"more button\" href=\"https:\/\/basicfactory.es\/sabadell\/class\/body-pump\/\">Llegir m\u00e9s<\/a><\/div><\/div><\/div><\/div><\/div><div class=\"entry\"><div class=\"wrapper\"><div class=\"thumbnail\"><a href=\"https:\/\/basicfactory.es\/sabadell\/class\/body-combat\/\"><img decoding=\"async\" src=\"https:\/\/basicfactory.es\/sabadell\/wp-content\/uploads\/2023\/03\/body-combat-540x360-500x315.jpg\" alt=\"BODY COMBAT\" \/><\/a><\/div><div class=\"details\"><div class=\"head_area\"><h3 class=\"title\"><a href=\"https:\/\/basicfactory.es\/sabadell\/class\/body-combat\/\">BODY COMBAT<\/a><\/h3><div class=\"subtitle\">Cardio<\/div><\/div><div class=\"body_area\"><div class=\"wrapper\"><div class=\"excerpt\">Apassionant programa d'entrenament que t\u00e9 el seu origen en la fusi\u00f3 de t\u00e8cniques d'arts marcials. <\/div><div class=\"extra_info\"><span class=\"duration\">55 mins<\/span><span class=\"calories\">600 Kcal<\/span><\/div><a class=\"more button\" href=\"https:\/\/basicfactory.es\/sabadell\/class\/body-combat\/\">Llegir m\u00e9s<\/a><\/div><\/div><\/div><\/div><\/div><div class=\"entry\"><div class=\"wrapper\"><div class=\"thumbnail\"><a href=\"https:\/\/basicfactory.es\/sabadell\/class\/abdominals\/\"><img decoding=\"async\" src=\"https:\/\/basicfactory.es\/sabadell\/wp-content\/uploads\/2023\/03\/ABDOMINALES-540x360-500x315.jpg\" alt=\"ABDOMINALS\" \/><\/a><\/div><div class=\"details\"><div class=\"head_area\"><h3 class=\"title\"><a href=\"https:\/\/basicfactory.es\/sabadell\/class\/abdominals\/\">ABDOMINALS<\/a><\/h3><div class=\"subtitle\">Tonificaci\u00f3<\/div><\/div><div class=\"body_area\"><div class=\"wrapper\"><div class=\"excerpt\">A vegades, quan parlem de treball abdominal ens referim a fer abdominals. I no anem mal encaminats. El abdominal, millor dit, els m\u00fasculs que formen la faixa abdominal s\u00f3n uns quants. Gr\u00e0cies a les instruccions del monitor, incidirem m\u00e9s o menys en un m\u00fascul o un altre segons l'exercici que realitzem.<\/div><div class=\"extra_info\"><span class=\"duration\">15 mins<\/span><span class=\"calories\">90 Kcal<\/span><\/div><a class=\"more button\" href=\"https:\/\/basicfactory.es\/sabadell\/class\/abdominals\/\">Llegir m\u00e9s<\/a><\/div><\/div><\/div><\/div><\/div><div class=\"entry\"><div class=\"wrapper\"><div class=\"thumbnail\"><a href=\"https:\/\/basicfactory.es\/sabadell\/class\/tbc-2\/\"><img decoding=\"async\" src=\"https:\/\/basicfactory.es\/sabadell\/wp-content\/uploads\/2023\/03\/en-forma-540x360-500x315.jpg\" alt=\"TBC\" \/><\/a><\/div><div class=\"details\"><div class=\"head_area\"><h3 class=\"title\"><a href=\"https:\/\/basicfactory.es\/sabadell\/class\/tbc-2\/\">TBC<\/a><\/h3><div class=\"subtitle\">Cardio<\/div><\/div><div class=\"body_area\"><div class=\"wrapper\"><div class=\"excerpt\"><\/div><div class=\"extra_info\"><span class=\"duration\">45 mins<\/span><span class=\"calories\">423 Kcal<\/span><\/div><a class=\"more button\" href=\"https:\/\/basicfactory.es\/sabadell\/class\/tbc-2\/\">Llegir m\u00e9s<\/a><\/div><\/div><\/div><\/div><\/div><div class=\"entry\"><div class=\"wrapper\"><div class=\"thumbnail\"><a href=\"https:\/\/basicfactory.es\/sabadell\/class\/balcance\/\"><img decoding=\"async\" src=\"https:\/\/basicfactory.es\/sabadell\/wp-content\/uploads\/2023\/03\/BALANCE-1-560x360-500x315.jpg\" alt=\"BALCANCE\" \/><\/a><\/div><div class=\"details\"><div class=\"head_area\"><h3 class=\"title\"><a href=\"https:\/\/basicfactory.es\/sabadell\/class\/balcance\/\">BALCANCE<\/a><\/h3><div class=\"subtitle\">Relaxaci\u00f3<\/div><\/div><div class=\"body_area\"><div class=\"wrapper\"><div class=\"excerpt\">\u00c9s una activitat per a tots aquells que volen entrenar sense impacte. Reuneix el millor de les disciplines orientals i occidentals en una sola classe per aconseguir un treball f\u00edsic i mental complet. <\/div><div class=\"extra_info\"><span class=\"duration\">55 mins<\/span><span class=\"calories\">300 Kcal<\/span><\/div><a class=\"more button\" href=\"https:\/\/basicfactory.es\/sabadell\/class\/balcance\/\">Llegir m\u00e9s<\/a><\/div><\/div><\/div><\/div><\/div><div class=\"entry\"><div class=\"wrapper\"><div class=\"thumbnail\"><a href=\"https:\/\/basicfactory.es\/sabadell\/class\/funcional\/\"><img decoding=\"async\" src=\"https:\/\/basicfactory.es\/sabadell\/wp-content\/uploads\/2023\/03\/funcional-442x360-442x315.jpg\" alt=\"FUNCIONAL\" \/><\/a><\/div><div class=\"details\"><div class=\"head_area\"><h3 class=\"title\"><a href=\"https:\/\/basicfactory.es\/sabadell\/class\/funcional\/\">FUNCIONAL<\/a><\/h3><div class=\"subtitle\">For\u00e7a<\/div><\/div><div class=\"body_area\"><div class=\"wrapper\"><div class=\"excerpt\">La combinaci\u00f3 de for\u00e7a i resist\u00e8ncia en petites, divertides i variades estacions, combinant accessoris, peses, cordes i molta energia, t'ajudaran a modelar la teva f\u00edsic i millorar la condici\u00f3 f\u00edsica r\u00e0pidament.<\/div><div class=\"extra_info\"><span class=\"duration\">30 mins<\/span><span class=\"calories\">500 Kcal<\/span><\/div><a class=\"more button\" href=\"https:\/\/basicfactory.es\/sabadell\/class\/funcional\/\">Llegir m\u00e9s<\/a><\/div><\/div><\/div><\/div><\/div><div class=\"entry\"><div class=\"wrapper\"><div class=\"thumbnail\"><a href=\"https:\/\/basicfactory.es\/sabadell\/class\/cycling\/\"><img decoding=\"async\" src=\"https:\/\/basicfactory.es\/sabadell\/wp-content\/uploads\/2023\/03\/cycling-1-540x360-500x315.jpg\" alt=\"CYCLING\" \/><\/a><\/div><div class=\"details\"><div class=\"head_area\"><h3 class=\"title\"><a href=\"https:\/\/basicfactory.es\/sabadell\/class\/cycling\/\">CYCLING<\/a><\/h3><div class=\"subtitle\">Cardio<\/div><\/div><div class=\"body_area\"><div class=\"wrapper\"><div class=\"excerpt\">Activitat mitjan\u00e7ant una bicicleta est\u00e0tica que es mou gr\u00e0cies al moviment de les cames, on es treballen cames, part inferior de l'esquena.<\/div><div class=\"extra_info\"><span class=\"duration\">45 mins<\/span><span class=\"calories\">500 Kcal<\/span><\/div><a class=\"more button\" href=\"https:\/\/basicfactory.es\/sabadell\/class\/cycling\/\">Llegir m\u00e9s<\/a><\/div><\/div><\/div><\/div><\/div><div class=\"entry\"><div class=\"wrapper\"><div class=\"thumbnail\"><a href=\"https:\/\/basicfactory.es\/sabadell\/class\/gac\/\"><img decoding=\"async\" src=\"https:\/\/basicfactory.es\/sabadell\/wp-content\/uploads\/2023\/03\/gac-1-540x360-500x315.jpg\" alt=\"GAC\" \/><\/a><\/div><div class=\"details\"><div class=\"head_area\"><h3 class=\"title\"><a href=\"https:\/\/basicfactory.es\/sabadell\/class\/gac\/\">GAC<\/a><\/h3><div class=\"subtitle\">For\u00e7a<\/div><\/div><div class=\"body_area\"><div class=\"wrapper\"><div class=\"excerpt\">S\u00f3n les sigles de glutis abdominals i cames, i com el seu nom indica treballa aquesta \u00e0rea millorant la for\u00e7a, resist\u00e8ncia i la flexibilitat ajudant tamb\u00e9 a tenir una p\u00e8rdua de teixit adip\u00f3s<\/div><div class=\"extra_info\"><span class=\"duration\">45 mins<\/span><span class=\"calories\">500 Kcal<\/span><\/div><a class=\"more button\" href=\"https:\/\/basicfactory.es\/sabadell\/class\/gac\/\">Llegir m\u00e9s<\/a><\/div><\/div><\/div><\/div><\/div><div class=\"entry\"><div class=\"wrapper\"><div class=\"thumbnail\"><a href=\"https:\/\/basicfactory.es\/sabadell\/class\/steps\/\"><img decoding=\"async\" src=\"https:\/\/basicfactory.es\/sabadell\/wp-content\/uploads\/2023\/03\/step-480x360-480x315.jpg\" alt=\"STEPS\" \/><\/a><\/div><div class=\"details\"><div class=\"head_area\"><h3 class=\"title\"><a href=\"https:\/\/basicfactory.es\/sabadell\/class\/steps\/\">STEPS<\/a><\/h3><div class=\"subtitle\">Tonificaci\u00f3<\/div><\/div><div class=\"body_area\"><div class=\"wrapper\"><div class=\"excerpt\">Fent steps treballes la coordinaci\u00f3, pujant i baixant un banc i combinant diversos passos i rutines. La intensitat del treball varia segons l'altura del banc i el ritme de la m\u00fasica.<\/div><div class=\"extra_info\"><span class=\"duration\">45 mins<\/span><span class=\"calories\">400 Kcal<\/span><\/div><a class=\"more button\" href=\"https:\/\/basicfactory.es\/sabadell\/class\/steps\/\">Llegir m\u00e9s<\/a><\/div><\/div><\/div><\/div><\/div><div class=\"entry\"><div class=\"wrapper\"><div class=\"thumbnail\"><a href=\"https:\/\/basicfactory.es\/sabadell\/class\/tbc\/\"><img decoding=\"async\" src=\"https:\/\/basicfactory.es\/sabadell\/wp-content\/uploads\/2023\/03\/tbc-1-540x360-500x315.jpg\" alt=\"TBC\" \/><\/a><\/div><div class=\"details\"><div class=\"head_area\"><h3 class=\"title\"><a href=\"https:\/\/basicfactory.es\/sabadell\/class\/tbc\/\">TBC<\/a><\/h3><div class=\"subtitle\">For\u00e7a<\/div><\/div><div class=\"body_area\"><div class=\"wrapper\"><div class=\"excerpt\">Total Body Conditioning, m\u00e8tode d'entrenament integral per a la millora de la condici\u00f3 f\u00edsica, cardiovascular i muscular. <\/div><div class=\"extra_info\"><span class=\"duration\">45 mins<\/span><span class=\"calories\">600 Kcal<\/span><\/div><a class=\"more button\" href=\"https:\/\/basicfactory.es\/sabadell\/class\/tbc\/\">Llegir m\u00e9s<\/a><\/div><\/div><\/div><\/div><\/div><div class=\"entry\"><div class=\"wrapper\"><div class=\"thumbnail\"><a href=\"https:\/\/basicfactory.es\/sabadell\/class\/jumping\/\"><img decoding=\"async\" src=\"https:\/\/basicfactory.es\/sabadell\/wp-content\/uploads\/2023\/03\/jump-539x360-500x315.jpg\" alt=\"JUMPING\" \/><\/a><\/div><div class=\"details\"><div class=\"head_area\"><h3 class=\"title\"><a href=\"https:\/\/basicfactory.es\/sabadell\/class\/jumping\/\">JUMPING<\/a><\/h3><div class=\"subtitle\">Cardio<\/div><\/div><div class=\"body_area\"><div class=\"wrapper\"><div class=\"excerpt\">Jumping \u00ae \u00e9s tres vegades m\u00e9s efica\u00e7 que c\u00f3rrer, a causa dels canvis constants de gravetat, on m\u00e9s de 400 m\u00fasculs s'activen i relaxen al mateix temps. <\/div><div class=\"extra_info\"><span class=\"duration\">45 mins<\/span><span class=\"calories\">700 Kcal<\/span><\/div><a class=\"more button\" href=\"https:\/\/basicfactory.es\/sabadell\/class\/jumping\/\">Llegir m\u00e9s<\/a><\/div><\/div><\/div><\/div><\/div><div class=\"entry\"><div class=\"wrapper\"><div class=\"thumbnail\"><a href=\"https:\/\/basicfactory.es\/sabadell\/class\/mou-te-muay-thai\/\"><img decoding=\"async\" src=\"https:\/\/basicfactory.es\/sabadell\/wp-content\/uploads\/2016\/10\/muay-thai-moute-540x360-500x315.jpg\" alt=\"&#8220;MOU-TE&#8221; MUAY THAI\" \/><\/a><\/div><div class=\"details\"><div class=\"head_area\"><h3 class=\"title\"><a href=\"https:\/\/basicfactory.es\/sabadell\/class\/mou-te-muay-thai\/\">&#8220;MOU-TE&#8221; MUAY THAI<\/a><\/h3><div class=\"subtitle\">infantils<\/div><\/div><div class=\"body_area\"><div class=\"wrapper\"><div class=\"excerpt\"><\/div><div class=\"extra_info\"><\/div><a class=\"more button\" href=\"https:\/\/basicfactory.es\/sabadell\/class\/mou-te-muay-thai\/\">Llegir m\u00e9s<\/a><\/div><\/div><\/div><\/div><\/div><div class=\"entry\"><div class=\"wrapper\"><div class=\"thumbnail\"><a href=\"https:\/\/basicfactory.es\/sabadell\/class\/mou-te-mma\/\"><img decoding=\"async\" src=\"https:\/\/basicfactory.es\/sabadell\/wp-content\/uploads\/2014\/03\/streedance-infantil-480x360-480x315.jpg\" alt=\"&#8220;MOU-TE&#8221; MMA\" \/><\/a><\/div><div class=\"details\"><div class=\"head_area\"><h3 class=\"title\"><a href=\"https:\/\/basicfactory.es\/sabadell\/class\/mou-te-mma\/\">&#8220;MOU-TE&#8221; MMA<\/a><\/h3><div class=\"subtitle\">infantils<\/div><\/div><div class=\"body_area\"><div class=\"wrapper\"><div class=\"excerpt\"><\/div><div class=\"extra_info\"><\/div><a class=\"more button\" href=\"https:\/\/basicfactory.es\/sabadell\/class\/mou-te-mma\/\">Llegir m\u00e9s<\/a><\/div><\/div><\/div><\/div><\/div><div class=\"entry\"><div class=\"wrapper\"><div class=\"thumbnail\"><a href=\"https:\/\/basicfactory.es\/sabadell\/class\/mou-te-jumping\/\"><img decoding=\"async\" src=\"https:\/\/basicfactory.es\/sabadell\/wp-content\/uploads\/2016\/10\/jumping-mou-te-345x360-345x315.jpg\" alt=\"&#8220;MOU-TE&#8221; JUMPING\" \/><\/a><\/div><div class=\"details\"><div class=\"head_area\"><h3 class=\"title\"><a href=\"https:\/\/basicfactory.es\/sabadell\/class\/mou-te-jumping\/\">&#8220;MOU-TE&#8221; JUMPING<\/a><\/h3><div class=\"subtitle\">infantils<\/div><\/div><div class=\"body_area\"><div class=\"wrapper\"><div class=\"excerpt\"><\/div><div class=\"extra_info\"><\/div><a class=\"more button\" href=\"https:\/\/basicfactory.es\/sabadell\/class\/mou-te-jumping\/\">Llegir m\u00e9s<\/a><\/div><\/div><\/div><\/div><\/div><div class=\"entry\"><div class=\"wrapper\"><div class=\"thumbnail\"><a href=\"https:\/\/basicfactory.es\/sabadell\/class\/mou-te-zumba\/\"><img decoding=\"async\" src=\"https:\/\/basicfactory.es\/sabadell\/wp-content\/uploads\/2014\/03\/zumba-480x360-480x315.jpg\" alt=\"&#8220;MOU-TE&#8221; ZUMBA\" \/><\/a><\/div><div class=\"details\"><div class=\"head_area\"><h3 class=\"title\"><a href=\"https:\/\/basicfactory.es\/sabadell\/class\/mou-te-zumba\/\">&#8220;MOU-TE&#8221; ZUMBA<\/a><\/h3><div class=\"subtitle\">infantils<\/div><\/div><div class=\"body_area\"><div class=\"wrapper\"><div class=\"excerpt\"><\/div><div class=\"extra_info\"><\/div><a class=\"more button\" href=\"https:\/\/basicfactory.es\/sabadell\/class\/mou-te-zumba\/\">Llegir m\u00e9s<\/a><\/div><\/div><\/div><\/div><\/div><div class=\"entry\"><div class=\"wrapper\"><div class=\"thumbnail\"><a href=\"https:\/\/basicfactory.es\/sabadell\/class\/mou-te-urban-dance\/\"><img decoding=\"async\" src=\"https:\/\/basicfactory.es\/sabadell\/wp-content\/uploads\/2014\/03\/urban-dance-kids-501x360-500x315.jpg\" alt=\"&#8220;MOU-TE&#8221; URBAN DANCE\" \/><\/a><\/div><div class=\"details\"><div class=\"head_area\"><h3 class=\"title\"><a href=\"https:\/\/basicfactory.es\/sabadell\/class\/mou-te-urban-dance\/\">&#8220;MOU-TE&#8221; URBAN DANCE<\/a><\/h3><div class=\"subtitle\">infantils<\/div><\/div><div class=\"body_area\"><div class=\"wrapper\"><div class=\"excerpt\"><\/div><div class=\"extra_info\"><\/div><a class=\"more button\" href=\"https:\/\/basicfactory.es\/sabadell\/class\/mou-te-urban-dance\/\">Llegir m\u00e9s<\/a><\/div><\/div><\/div><\/div><\/div><div class=\"entry\"><div class=\"wrapper\"><div class=\"thumbnail\"><a href=\"https:\/\/basicfactory.es\/sabadell\/class\/mou-te-arobacia\/\"><img decoding=\"async\" src=\"https:\/\/basicfactory.es\/sabadell\/wp-content\/uploads\/2014\/02\/img-activitades-infantiles-480x360-480x315.jpg\" alt=\"&#8220;MOU-TE&#8221; AROB\u00c0CIA\" \/><\/a><\/div><div class=\"details\"><div class=\"head_area\"><h3 class=\"title\"><a href=\"https:\/\/basicfactory.es\/sabadell\/class\/mou-te-arobacia\/\">&#8220;MOU-TE&#8221; AROB\u00c0CIA<\/a><\/h3><div class=\"subtitle\">infantils<\/div><\/div><div class=\"body_area\"><div class=\"wrapper\"><div class=\"excerpt\"><\/div><div class=\"extra_info\"><\/div><a class=\"more button\" href=\"https:\/\/basicfactory.es\/sabadell\/class\/mou-te-arobacia\/\">Llegir m\u00e9s<\/a><\/div><\/div><\/div><\/div><\/div><\/div>[\/vc_column][\/vc_row]<\/p>\n","protected":false},"excerpt":{"rendered":"<p>[vc_row][vc_column][\/vc_column][\/vc_row]<\/p>\n","protected":false},"author":4,"featured_media":0,"parent":0,"menu_order":19,"comment_status":"closed","ping_status":"open","template":"","meta":{"footnotes":""},"class_list":["post-438","page","type-page","status-publish","hentry"],"aioseo_notices":[],"_links":{"self":[{"href":"https:\/\/basicfactory.es\/sabadell\/wp-json\/wp\/v2\/pages\/438","targetHints":{"allow":["GET"]}}],"collection":[{"href":"https:\/\/basicfactory.es\/sabadell\/wp-json\/wp\/v2\/pages"}],"about":[{"href":"https:\/\/basicfactory.es\/sabadell\/wp-json\/wp\/v2\/types\/page"}],"author":[{"embeddable":true,"href":"https:\/\/basicfactory.es\/sabadell\/wp-json\/wp\/v2\/users\/4"}],"replies":[{"embeddable":true,"href":"https:\/\/basicfactory.es\/sabadell\/wp-json\/wp\/v2\/comments?post=438"}],"version-history":[{"count":3,"href":"https:\/\/basicfactory.es\/sabadell\/wp-json\/wp\/v2\/pages\/438\/revisions"}],"predecessor-version":[{"id":3766,"href":"https:\/\/basicfactory.es\/sabadell\/wp-json\/wp\/v2\/pages\/438\/revisions\/3766"}],"wp:attachment":[{"href":"https:\/\/basicfactory.es\/sabadell\/wp-json\/wp\/v2\/media?parent=438"}],"curies":[{"name":"wp","href":"https:\/\/api.w.org\/{rel}","templated":true}]}}