{"id":45,"date":"2014-02-17T19:21:17","date_gmt":"2014-02-17T19:21:17","guid":{"rendered":"http:\/\/basicfactory.es\/sabadell\/?page_id=45"},"modified":"2026-01-13T07:23:14","modified_gmt":"2026-01-13T07:23:14","slug":"avantatges","status":"publish","type":"page","link":"https:\/\/basicfactory.es\/sabadell\/avantatges\/","title":{"rendered":"AVANTATGES"},"content":{"rendered":"<p>[vc_row][vc_column width=&#8221;1\/6&#8243;][\/vc_column][vc_column width=&#8221;4\/6&#8243;][vc_column_text]Els abonats i abonades de Basic Factory tenen al seu abast un ampli ventall d&#8217;avantatges pensats per al seu confort i benestar, perqu\u00e8 gaudeixin a el m\u00e0xim del seu temps d&#8217;entrenament i relax.<br \/>\nRaons per apuntar-se a BASIC FACTORY:[\/vc_column_text][\/vc_column][vc_column width=&#8221;1\/6&#8243;][\/vc_column][\/vc_row][vc_row][vc_column width=&#8221;1\/6&#8243;][\/vc_column][vc_column width=&#8221;1\/6&#8243;][vc_single_image image=&#8221;219&#8243;][\/vc_column][vc_column width=&#8221;1\/6&#8243;][vc_column_text]ACTIVITATS DIRIGIDES A LA \u00daLTIMA.<\/p>\n<p>Les \u00faltimes tend\u00e8ncies i novetats en activitats dirigides a la teva disposici\u00f3, amb un ampli horari, amb m\u00e9s de 200 classes setmanals[\/vc_column_text][\/vc_column][vc_column width=&#8221;1\/6&#8243;][vc_single_image image=&#8221;220&#8243;][\/vc_column][vc_column width=&#8221;1\/6&#8243;][vc_column_text]ASSESSORAMENT PERSONALITZAT PERMANENT.<\/p>\n<p>A les sales de fitness trobar\u00e0s un equip d&#8217;instructors altament qualificats que t&#8217;ajudaran a realitzar l&#8217;exercici de forma segura i efica\u00e7.[\/vc_column_text][\/vc_column][vc_column width=&#8221;1\/6&#8243;][\/vc_column][\/vc_row][vc_row][vc_column width=&#8221;1\/6&#8243;][\/vc_column][vc_column width=&#8221;1\/6&#8243;][vc_single_image image=&#8221;222&#8243;][\/vc_column][vc_column width=&#8221;3\/6&#8243;][vc_column_text]<\/p>\n<div class=\"derecha\">\n<div class=\"interior-d\">\n<p>M\u00c0STERS CLASS I ACTIVITATS ESPECIALS. Gaudeix la gran varietat de M\u00e0ster Classes i activitats especials obertes a tots els abonats, on podr\u00e0s compartir l&#8217;experi\u00e8ncia convidant als seus amics o familiars.<\/p>\n<p>AMPLIS VESTUARIS. Dos vestuaris de 150 m2 cadascun amb dutxes gratu\u00eftes i m\u00e9s de 300 taquilles d&#8217;\u00fas puntual gratis. Amb climatitzaci\u00f3 i renovaci\u00f3 d&#8217;aire. A m\u00e9s, tindr\u00e0s tamb\u00e9 a la teva disposici\u00f3 dos vestidors infantils.<\/p>\n<p>P\u00c0RKING PRIVAT EXCLUSIU per als nostres abonats amb 2 hores gratis.<\/p>\n<\/div>\n<\/div>\n<p>[\/vc_column_text][\/vc_column][vc_column width=&#8221;1\/6&#8243;][\/vc_column][\/vc_row][vc_row][vc_column width=&#8221;1\/6&#8243;][\/vc_column][vc_column width=&#8221;1\/6&#8243;][vc_single_image image=&#8221;224&#8243;][\/vc_column][vc_column width=&#8221;1\/6&#8243;][vc_column_text]SALA FITNESS SENSE CUES.<\/p>\n<p>Sabem l&#8217;important que \u00e9s no trencar la teva rutina d&#8217;entrenament, per aix\u00f2 hem instal\u00b7lat de 3 a 4 m\u00e0quines de cada tipus perqu\u00e8 no hagis de fer cues. I sempre amb maquin\u00e0ria d&#8217;\u00faltima tecnologia[\/vc_column_text][\/vc_column][vc_column width=&#8221;1\/6&#8243;][vc_single_image image=&#8221;229&#8243;][\/vc_column][vc_column width=&#8221;1\/6&#8243;][vc_column_text]FITNESS PER A NENS<\/p>\n<p>L&#8217;esport en fam\u00edlia \u00e9s important. Basic Factory \u00e9s l&#8217;\u00fanic Low Cost amb activitats dirigides infantils[\/vc_column_text][\/vc_column][vc_column width=&#8221;1\/6&#8243;][\/vc_column][\/vc_row][vc_row][vc_column width=&#8221;1\/6&#8243;][\/vc_column][vc_column width=&#8221;1\/6&#8243;][vc_single_image image=&#8221;226&#8243;][\/vc_column][vc_column width=&#8221;1\/6&#8243;][vc_column_text]ENTRENAMENT PERSONAL.<\/p>\n<p>Un equip d&#8217;entrenadors personals estan al teu servei si el que vols \u00e9s assolir els teus objectius en un temps r\u00e8cord. Tamb\u00e9 pots disposar d&#8217;un programa d&#8217;entrenament[\/vc_column_text][\/vc_column][vc_column width=&#8221;1\/6&#8243;][vc_single_image image=&#8221;408&#8243;][\/vc_column][vc_column width=&#8221;1\/6&#8243;][vc_column_text]SALA D&#8217;ESTAR i BAR &#8220;SELF SERVICE&#8221;.<\/p>\n<p>Un espai per abonats i acompanyants on descansar i prendre un refresc o un caf\u00e8 amb zona WIFI[\/vc_column_text][\/vc_column][vc_column width=&#8221;1\/6&#8243;][\/vc_column][\/vc_row][vc_row][vc_column width=&#8221;1\/6&#8243;][\/vc_column][vc_column width=&#8221;4\/6&#8243;][vc_column_text]SERVEIS<\/p>\n<p>Trobar\u00e0s molts serveis per complementar la teva benestar: nutrici\u00f3, osteopatia, fisioter\u00e0pia, massatges relaxants i tractaments de bellesa i relax[\/vc_column_text][\/vc_column][vc_column width=&#8221;1\/6&#8243;][\/vc_column][\/vc_row]<\/p>\n","protected":false},"excerpt":{"rendered":"<p>[vc_row][vc_column width=&#8221;1\/6&#8243;][\/vc_column][vc_column width=&#8221;4\/6&#8243;][vc_column_text]Els abonats i abonades de Basic Factory tenen al seu abast un ampli ventall d&#8217;avantatges pensats per al seu confort i benestar, perqu\u00e8 gaudeixin a el m\u00e0xim del seu temps d&#8217;entrenament i relax. Raons per apuntar-se a BASIC FACTORY:[\/vc_column_text][\/vc_column][vc_column width=&#8221;1\/6&#8243;][\/vc_column][\/vc_row][vc_row][vc_column width=&#8221;1\/6&#8243;][\/vc_column][vc_column width=&#8221;1\/6&#8243;][vc_single_image image=&#8221;219&#8243;][\/vc_column][vc_column width=&#8221;1\/6&#8243;][vc_column_text]ACTIVITATS DIRIGIDES A LA \u00daLTIMA. Les \u00faltimes tend\u00e8ncies i novetats [&hellip;]<\/p>\n","protected":false},"author":4,"featured_media":0,"parent":0,"menu_order":5,"comment_status":"closed","ping_status":"closed","template":"","meta":{"footnotes":""},"class_list":["post-45","page","type-page","status-publish","hentry"],"aioseo_notices":[],"_links":{"self":[{"href":"https:\/\/basicfactory.es\/sabadell\/wp-json\/wp\/v2\/pages\/45","targetHints":{"allow":["GET"]}}],"collection":[{"href":"https:\/\/basicfactory.es\/sabadell\/wp-json\/wp\/v2\/pages"}],"about":[{"href":"https:\/\/basicfactory.es\/sabadell\/wp-json\/wp\/v2\/types\/page"}],"author":[{"embeddable":true,"href":"https:\/\/basicfactory.es\/sabadell\/wp-json\/wp\/v2\/users\/4"}],"replies":[{"embeddable":true,"href":"https:\/\/basicfactory.es\/sabadell\/wp-json\/wp\/v2\/comments?post=45"}],"version-history":[{"count":49,"href":"https:\/\/basicfactory.es\/sabadell\/wp-json\/wp\/v2\/pages\/45\/revisions"}],"predecessor-version":[{"id":2801,"href":"https:\/\/basicfactory.es\/sabadell\/wp-json\/wp\/v2\/pages\/45\/revisions\/2801"}],"wp:attachment":[{"href":"https:\/\/basicfactory.es\/sabadell\/wp-json\/wp\/v2\/media?parent=45"}],"curies":[{"name":"wp","href":"https:\/\/api.w.org\/{rel}","templated":true}]}}