{"id":55,"date":"2014-02-17T19:25:31","date_gmt":"2014-02-17T19:25:31","guid":{"rendered":"http:\/\/basicfactory.es\/sabadell\/?page_id=55"},"modified":"2026-02-23T08:52:44","modified_gmt":"2026-02-23T08:52:44","slug":"entrenament-personal","status":"publish","type":"page","link":"https:\/\/basicfactory.es\/sabadell\/entrenament-personal\/","title":{"rendered":"ENTRENAMENT PERSONAL"},"content":{"rendered":"<p>[vc_row][vc_column][vc_text_separator title=&#8221;ENTRENAMENT PERSONAL&#8221;][\/vc_column][\/vc_row][vc_row][vc_column width=&#8221;1\/6&#8243;][\/vc_column][vc_column width=&#8221;2\/3&#8243;][vc_row_inner][vc_column_inner width=&#8221;1\/2&#8243;][vc_single_image image=&#8221;226&#8243; img_size=&#8221;large&#8221;][\/vc_column_inner][vc_column_inner width=&#8221;1\/2&#8243;][vc_column_text]<\/p>\n<h2>Grans professionals t&#8217;acompanyaran de manera exclusiva en el cam\u00ed cap als teus objectius. El nostre equip estudiar\u00e0 el teu cas en profunditat per configurar l&#8217;entrenament \u00f2ptim per a tu, amb el qual t&#8217;assegurem que aconseguir\u00e0s els teus objectius de forma r\u00e0pida, efica\u00e7 i segura. Un entrenament fet a mida. Les sessions d&#8217;entrenament personal s\u00f3n d&#8217;una hora de durada amb l&#8217;atenci\u00f3 exclusiva del teu entrenador.<br \/>\nSegons els teus objectius t&#8217;oferim un gran ventall de possibilitats perqu\u00e8 escullis la dedicaci\u00f3 que m\u00e9s necessites.<\/h2>\n<p>[\/vc_column_text][\/vc_column_inner][\/vc_row_inner][\/vc_column][vc_column width=&#8221;1\/6&#8243;][\/vc_column][vc_column][\/vc_column][\/vc_row]<\/p>\n","protected":false},"excerpt":{"rendered":"<p>[vc_row][vc_column][vc_text_separator title=&#8221;ENTRENAMENT PERSONAL&#8221;][\/vc_column][\/vc_row][vc_row][vc_column width=&#8221;1\/6&#8243;][\/vc_column][vc_column width=&#8221;2\/3&#8243;][vc_row_inner][vc_column_inner width=&#8221;1\/2&#8243;][vc_single_image image=&#8221;226&#8243; img_size=&#8221;large&#8221;][\/vc_column_inner][vc_column_inner width=&#8221;1\/2&#8243;][vc_column_text] Grans professionals t&#8217;acompanyaran de manera exclusiva en el cam\u00ed cap als teus objectius. El nostre equip estudiar\u00e0 el teu cas en profunditat per configurar l&#8217;entrenament \u00f2ptim per a tu, amb el qual t&#8217;assegurem que aconseguir\u00e0s els teus objectius de forma r\u00e0pida, efica\u00e7 i segura. Un entrenament [&hellip;]<\/p>\n","protected":false},"author":4,"featured_media":0,"parent":0,"menu_order":9,"comment_status":"closed","ping_status":"closed","template":"","meta":{"footnotes":""},"class_list":["post-55","page","type-page","status-publish","hentry"],"aioseo_notices":[],"_links":{"self":[{"href":"https:\/\/basicfactory.es\/sabadell\/wp-json\/wp\/v2\/pages\/55","targetHints":{"allow":["GET"]}}],"collection":[{"href":"https:\/\/basicfactory.es\/sabadell\/wp-json\/wp\/v2\/pages"}],"about":[{"href":"https:\/\/basicfactory.es\/sabadell\/wp-json\/wp\/v2\/types\/page"}],"author":[{"embeddable":true,"href":"https:\/\/basicfactory.es\/sabadell\/wp-json\/wp\/v2\/users\/4"}],"replies":[{"embeddable":true,"href":"https:\/\/basicfactory.es\/sabadell\/wp-json\/wp\/v2\/comments?post=55"}],"version-history":[{"count":11,"href":"https:\/\/basicfactory.es\/sabadell\/wp-json\/wp\/v2\/pages\/55\/revisions"}],"predecessor-version":[{"id":3734,"href":"https:\/\/basicfactory.es\/sabadell\/wp-json\/wp\/v2\/pages\/55\/revisions\/3734"}],"wp:attachment":[{"href":"https:\/\/basicfactory.es\/sabadell\/wp-json\/wp\/v2\/media?parent=55"}],"curies":[{"name":"wp","href":"https:\/\/api.w.org\/{rel}","templated":true}]}}