{"id":944,"date":"2015-07-15T15:33:45","date_gmt":"2015-07-15T15:33:45","guid":{"rendered":"http:\/\/basicfactory.es\/sabadell\/?page_id=944"},"modified":"2022-07-11T16:03:18","modified_gmt":"2022-07-11T16:03:18","slug":"qui-som","status":"publish","type":"page","link":"https:\/\/basicfactory.es\/sabadell\/qui-som\/","title":{"rendered":"QUI SOM"},"content":{"rendered":"<p>[vc_row][vc_column width=&#8221;1\/6&#8243;][\/vc_column][vc_column width=&#8221;2\/3&#8243;][vc_single_image image=&#8221;1141&#8243; img_size=&#8221;full&#8221; alignment=&#8221;center&#8221;][vc_column_text]Basic Factory \u00e9s un grup gestor d&#8217;instal\u00b7lacions esportives amb m\u00e9s de 25 anys d&#8217;experi\u00e8ncia en gesti\u00f3 d&#8217;instal\u00b7lacions esportives, tant municipals com privades, amb centres a Catalunya com Basic Factory Sabadell, Basic Factory Terrassa, Basic Factory Manresa, fitness Factory Club (Matar\u00f3).<\/p>\n<p>Neix la iniciativa de crear una l\u00ednia low cost. Basic Factory neix amb l&#8217;objectiu d&#8217;impulsar i promoure l&#8217;esport per a tothom. Una l\u00ednia LOW COST no ha de ser l&#8217;equivalent a poc servei i de mala qualitat. Amb una bona gesti\u00f3 i optimitzaci\u00f3 dels recursos, sense deixar de banda la professionalitat i la dedicaci\u00f3 dels nostres treballadors, els valors de l&#8217;esport i el comprom\u00eds social, podem oferir un molt bon servei que estigui a l&#8217;abast de tothom.[\/vc_column_text][\/vc_column][vc_column width=&#8221;1\/6&#8243;][\/vc_column][\/vc_row]<\/p>\n","protected":false},"excerpt":{"rendered":"<p>[vc_row][vc_column width=&#8221;1\/6&#8243;][\/vc_column][vc_column width=&#8221;2\/3&#8243;][vc_single_image image=&#8221;1141&#8243; img_size=&#8221;full&#8221; alignment=&#8221;center&#8221;][vc_column_text]Basic Factory \u00e9s un grup gestor d&#8217;instal\u00b7lacions esportives amb m\u00e9s de 25 anys d&#8217;experi\u00e8ncia en gesti\u00f3 d&#8217;instal\u00b7lacions esportives, tant municipals com privades, amb centres a Catalunya com Basic Factory Sabadell, Basic Factory Terrassa, Basic Factory Manresa, fitness Factory Club (Matar\u00f3). Neix la iniciativa de crear una l\u00ednia low cost. Basic [&hellip;]<\/p>\n","protected":false},"author":4,"featured_media":0,"parent":0,"menu_order":3,"comment_status":"closed","ping_status":"open","template":"","meta":{"footnotes":""},"class_list":["post-944","page","type-page","status-publish","hentry"],"aioseo_notices":[],"_links":{"self":[{"href":"https:\/\/basicfactory.es\/sabadell\/wp-json\/wp\/v2\/pages\/944","targetHints":{"allow":["GET"]}}],"collection":[{"href":"https:\/\/basicfactory.es\/sabadell\/wp-json\/wp\/v2\/pages"}],"about":[{"href":"https:\/\/basicfactory.es\/sabadell\/wp-json\/wp\/v2\/types\/page"}],"author":[{"embeddable":true,"href":"https:\/\/basicfactory.es\/sabadell\/wp-json\/wp\/v2\/users\/4"}],"replies":[{"embeddable":true,"href":"https:\/\/basicfactory.es\/sabadell\/wp-json\/wp\/v2\/comments?post=944"}],"version-history":[{"count":13,"href":"https:\/\/basicfactory.es\/sabadell\/wp-json\/wp\/v2\/pages\/944\/revisions"}],"predecessor-version":[{"id":3336,"href":"https:\/\/basicfactory.es\/sabadell\/wp-json\/wp\/v2\/pages\/944\/revisions\/3336"}],"wp:attachment":[{"href":"https:\/\/basicfactory.es\/sabadell\/wp-json\/wp\/v2\/media?parent=944"}],"curies":[{"name":"wp","href":"https:\/\/api.w.org\/{rel}","templated":true}]}}