{"id":41,"date":"2014-02-17T19:19:04","date_gmt":"2014-02-17T19:19:04","guid":{"rendered":"http:\/\/basicfactory.es\/terrassa\/?page_id=41"},"modified":"2021-03-21T23:40:02","modified_gmt":"2021-03-21T23:40:02","slug":"benvinguts","status":"publish","type":"page","link":"https:\/\/basicfactory.es\/terrassa\/benvinguts\/","title":{"rendered":"BIENVENIDOS"},"content":{"rendered":"<p><a href=\"http:\/\/basicfactory.es\/terrassa\/wp-content\/uploads\/2014\/02\/logo.jpg\" rel=\"attachment wp-att-1134\"><img loading=\"lazy\" decoding=\"async\" class=\"alignnone size-full wp-image-1134\" src=\"http:\/\/basicfactory.es\/terrassa\/wp-content\/uploads\/2014\/02\/logo.jpg\" alt=\"logo\" width=\"690\" height=\"215\" srcset=\"https:\/\/basicfactory.es\/terrassa\/wp-content\/uploads\/2014\/02\/logo.jpg 690w, https:\/\/basicfactory.es\/terrassa\/wp-content\/uploads\/2014\/02\/logo-300x93.jpg 300w\" sizes=\"auto, (max-width: 690px) 100vw, 690px\" \/><\/a><\/p>\n<p>Basic Factory es un grupo gestor de instalaciones deportivas con m\u00e1s de 25 a\u00f1os de experiencia en gesti\u00f3n de instalaciones deportivas, tanto municipales como privadas, con centros en Catalu\u00f1a como Basic Factory Sabadell, Basic Factory Terrassa,\u00a0Basic Factory Manresa, PAS POliny\u00e0 (Poliny\u00e0), Fitness Factory Club (Matar\u00f3).<\/p>\n<p>Nace la iniciativa de crear una l\u00ednea low cost. Basic Factory nace con el objetivo de impulsar y promover el deporte para todo el mundo. Una l\u00ednea LOW COST no tiene que ser el equivalente a poco servicio y de mala calidad. Con una buena gesti\u00f3n y optimizaci\u00f3n de los recursos, sin dejar de lado la profesionalidad y la dedicaci\u00f3n de nuestros trabajadores, los valores del deporte y el compromiso social, podemos ofrecer un muy buen servicio que est\u00e9 al alcance de todo el mundo.<\/p>\n<p>En enero de este a\u00f1o se inaugur\u00f3 en Matar\u00f3 la primera instalaci\u00f3n Basic Factory, y ahora llegamos a Manresa.<\/p>\n","protected":false},"excerpt":{"rendered":"<p>Basic Factory es un grupo gestor de instalaciones deportivas con m\u00e1s de 25 a\u00f1os de experiencia en gesti\u00f3n de instalaciones deportivas, tanto municipales como privadas, con centros en Catalu\u00f1a como Basic Factory Sabadell, Basic Factory Terrassa,\u00a0Basic Factory Manresa, PAS POliny\u00e0 (Poliny\u00e0), Fitness Factory Club (Matar\u00f3). Nace la iniciativa de crear una l\u00ednea low cost. Basic [&hellip;]<\/p>\n","protected":false},"author":4,"featured_media":0,"parent":0,"menu_order":0,"comment_status":"closed","ping_status":"open","template":"","meta":{"footnotes":""},"class_list":["post-41","page","type-page","status-publish","hentry"],"_links":{"self":[{"href":"https:\/\/basicfactory.es\/terrassa\/wp-json\/wp\/v2\/pages\/41","targetHints":{"allow":["GET"]}}],"collection":[{"href":"https:\/\/basicfactory.es\/terrassa\/wp-json\/wp\/v2\/pages"}],"about":[{"href":"https:\/\/basicfactory.es\/terrassa\/wp-json\/wp\/v2\/types\/page"}],"author":[{"embeddable":true,"href":"https:\/\/basicfactory.es\/terrassa\/wp-json\/wp\/v2\/users\/4"}],"replies":[{"embeddable":true,"href":"https:\/\/basicfactory.es\/terrassa\/wp-json\/wp\/v2\/comments?post=41"}],"version-history":[{"count":14,"href":"https:\/\/basicfactory.es\/terrassa\/wp-json\/wp\/v2\/pages\/41\/revisions"}],"predecessor-version":[{"id":2351,"href":"https:\/\/basicfactory.es\/terrassa\/wp-json\/wp\/v2\/pages\/41\/revisions\/2351"}],"wp:attachment":[{"href":"https:\/\/basicfactory.es\/terrassa\/wp-json\/wp\/v2\/media?parent=41"}],"curies":[{"name":"wp","href":"https:\/\/api.w.org\/{rel}","templated":true}]}}