{"id":55,"date":"2014-02-17T19:25:31","date_gmt":"2014-02-17T19:25:31","guid":{"rendered":"http:\/\/basicfactory.es\/terrassa\/?page_id=55"},"modified":"2021-03-21T23:40:36","modified_gmt":"2021-03-21T23:40:36","slug":"entrenament-personal","status":"publish","type":"page","link":"https:\/\/basicfactory.es\/terrassa\/entrenament-personal\/","title":{"rendered":"ENTRENAMENT PERSONAL"},"content":{"rendered":"<div class=\"wpb-content-wrapper\"><p>[vc_row][vc_column width=&#8221;1\/4&#8243;][vc_single_image image=&#8221;226&#8243; img_size=&#8221;large&#8221;][\/vc_column][vc_column width=&#8221;3\/4&#8243;][vc_column_text]Grans professionals t&#8217;acompanyaran de manera exclusiva en el cam\u00ed cap als teus objectius. El nostre equip estudiar\u00e0 el teu cas en profunditat per configurar l&#8217;entrenament \u00f2ptim per a tu, amb el qual t&#8217;assegurem que aconseguir\u00e0s els teus objectius de forma r\u00e0pida, efica\u00e7 i segura. Un entrenament fet a mida. Les sessions d&#8217;entrenament personal s\u00f3n d&#8217;una hora de durada amb l&#8217;atenci\u00f3 exclusiva del teu entrenador.<br \/>\nSegons els teus objectius t&#8217;oferim un gran ventall de possibilitats perqu\u00e8 escullis la dedicaci\u00f3 que m\u00e9s necessites.[\/vc_column_text][\/vc_column][\/vc_row]<\/p>\n<\/div>","protected":false},"excerpt":{"rendered":"<p>[vc_row][vc_column width=&#8221;1\/4&#8243;][vc_single_image image=&#8221;226&#8243; img_size=&#8221;large&#8221;][\/vc_column][vc_column width=&#8221;3\/4&#8243;][vc_column_text]Grans professionals t&#8217;acompanyaran de manera exclusiva en el cam\u00ed cap als teus objectius. El nostre equip estudiar\u00e0 el teu cas en profunditat per configurar l&#8217;entrenament \u00f2ptim per a tu, amb el qual t&#8217;assegurem que aconseguir\u00e0s els teus objectius de forma r\u00e0pida, efica\u00e7 i segura. Un entrenament fet a mida. Les sessions [&hellip;]<\/p>\n","protected":false},"author":4,"featured_media":0,"parent":0,"menu_order":7,"comment_status":"closed","ping_status":"closed","template":"","meta":{"footnotes":""},"class_list":["post-55","page","type-page","status-publish","hentry"],"_links":{"self":[{"href":"https:\/\/basicfactory.es\/terrassa\/wp-json\/wp\/v2\/pages\/55","targetHints":{"allow":["GET"]}}],"collection":[{"href":"https:\/\/basicfactory.es\/terrassa\/wp-json\/wp\/v2\/pages"}],"about":[{"href":"https:\/\/basicfactory.es\/terrassa\/wp-json\/wp\/v2\/types\/page"}],"author":[{"embeddable":true,"href":"https:\/\/basicfactory.es\/terrassa\/wp-json\/wp\/v2\/users\/4"}],"replies":[{"embeddable":true,"href":"https:\/\/basicfactory.es\/terrassa\/wp-json\/wp\/v2\/comments?post=55"}],"version-history":[{"count":10,"href":"https:\/\/basicfactory.es\/terrassa\/wp-json\/wp\/v2\/pages\/55\/revisions"}],"predecessor-version":[{"id":2380,"href":"https:\/\/basicfactory.es\/terrassa\/wp-json\/wp\/v2\/pages\/55\/revisions\/2380"}],"wp:attachment":[{"href":"https:\/\/basicfactory.es\/terrassa\/wp-json\/wp\/v2\/media?parent=55"}],"curies":[{"name":"wp","href":"https:\/\/api.w.org\/{rel}","templated":true}]}}